{"id":1781,"date":"2024-09-23T15:36:51","date_gmt":"2024-09-23T19:36:51","guid":{"rendered":"https:\/\/www.accessa.ca\/careers\/"},"modified":"2025-05-15T17:17:43","modified_gmt":"2025-05-15T21:17:43","slug":"careers","status":"publish","type":"page","link":"https:\/\/www.accessa.ca\/en\/careers\/","title":{"rendered":"Careers"},"content":{"rendered":"\n<div class=\"wp-block-group alignwide page-hero is-layout-flow wp-block-group-is-layout-flow\" style=\"margin-bottom:84px\">\n<div class=\"wp-block-group page-hero--row is-layout-grid wp-container-core-group-is-layout-47a02502 wp-block-group-is-layout-grid\" style=\"min-height:360px\">\n<div class=\"wp-block-group page-hero--group-titre has-secondary-background-color has-background wp-container-content-05845802 is-layout-flow wp-container-core-group-is-layout-beb46613 wp-block-group-is-layout-flow\" style=\"padding-top:32px;padding-right:32px;padding-bottom:32px;padding-left:32px\"><h1 style=\"line-height:1;\" class=\"wp-block-post-title has-text-color has-white-color has-large-font-size\">Careers<\/h1><\/div>\n\n\n\n<div class=\"wp-block-cover is-light wp-container-content-b64206f9\" style=\"padding-top:0;padding-right:0;padding-bottom:0;padding-left:0;min-height:360px;aspect-ratio:unset;\"><span aria-hidden=\"true\" class=\"wp-block-cover__background has-background-dim-0 has-background-dim\"><\/span><img loading=\"lazy\" decoding=\"async\" width=\"1200\" height=\"800\" src=\"https:\/\/www.accessa.ca\/wp-content\/uploads\/oct-2023_PHOTOS_FINALES_ACCESSA-5.webp\" class=\"wp-block-cover__image-background wp-post-image\" alt=\"\" data-object-fit=\"cover\" data-object-position=\"0% 17%\" style=\"object-position:0% 17%;\" srcset=\"https:\/\/www.accessa.ca\/wp-content\/uploads\/oct-2023_PHOTOS_FINALES_ACCESSA-5.webp 1200w, https:\/\/www.accessa.ca\/wp-content\/uploads\/oct-2023_PHOTOS_FINALES_ACCESSA-5-768x512.webp 768w\" sizes=\"auto, (max-width: 1200px) 100vw, 1200px\" \/><div class=\"wp-block-cover__inner-container is-layout-flow wp-block-cover-is-layout-flow\">\n<p class=\"has-text-align-center has-large-font-size wp-block-paragraph\"><\/p>\n<\/div><\/div>\n<\/div>\n<\/div>\n\n\n\n<div class=\"wp-block-group alignwide is-layout-grid wp-container-core-group-is-layout-b4b928f3 wp-block-group-is-layout-grid\">\n<div class=\"wp-block-group alignwide wp-container-content-66de4600 is-layout-flow wp-block-group-is-layout-flow\" style=\"margin-bottom:4vw\">\n<div class=\"wp-block-group is-layout-grid wp-container-core-group-is-layout-b4b928f3 wp-block-group-is-layout-grid\">\n<h2 class=\"wp-block-heading has-text-align-right is-style-default has-primary-color has-text-color has-link-color wp-elements-960f240efa12201888ce612d85b86d9b wp-container-content-6022eb05\">Redefine the Future of<br>\nCare with Us<\/h2>\n\n\n\n<div class=\"wp-block-group wp-container-content-f35572eb is-layout-flow wp-container-core-group-is-layout-dfc624ee wp-block-group-is-layout-flow\">\n<p class=\"wp-block-paragraph\">Wholly owned by the <a href=\"https:\/\/www.monpharmacien.ca\/\" target=\"_blank\" rel=\"noreferrer noopener\">Association qu\u00e9b\u00e9coise des pharmaciens propri\u00e9taires (AQPP)<\/a>, Accessa is an innovative company leading a new generation of patient support programs.<\/p>\n\n\n\n<p class=\"wp-block-paragraph\">Every day, we&#8217;re driven to redefine care and support for patients with complex health conditions, democratize access to specialty medications, and more.<\/p>\n\n\n\n<p class=\"has-normal-font-size wp-block-paragraph\">Are you ready to shape the pharmacy of tomorrow? Join us. Together, we can redefine care for patients facing serious, rare, or chronic illnesses.<\/p>\n<\/div>\n<\/div>\n<\/div>\n\n\n\n<div class=\"wp-block-group alignwide wp-container-content-66de4600 is-layout-flow wp-block-group-is-layout-flow\" style=\"margin-bottom:4vw\">\n<div class=\"wp-block-group is-layout-grid wp-container-core-group-is-layout-b4b928f3 wp-block-group-is-layout-grid\">\n<h2 class=\"wp-block-heading has-text-align-right is-style-default has-primary-color has-text-color has-link-color wp-elements-ff136a7cfd8a784a8870f73dccaf80b9 wp-container-content-6022eb05\">Benefits<\/h2>\n\n\n\n<div class=\"wp-block-group wp-container-content-f35572eb is-layout-flow wp-container-core-group-is-layout-dfc624ee wp-block-group-is-layout-flow\">\n<p class=\"has-normal-font-size wp-block-paragraph\">At Accessa, you&#8217;ll join a dynamic, passionate team dedicated to driving meaningful change.<\/p>\n\n\n\n<p class=\"wp-block-paragraph\" style=\"font-size:clamp(16px, 1rem + ((1vw - 3.2px) * 0.417), 20px);font-style:normal;font-weight:500\">We also offer a range of benefits, including:<\/p>\n\n\n\n<ul style=\"font-style:normal;font-weight:500\" class=\"wp-block-list is-style-lfdb-list-marker-plus\">\n<li style=\"font-style:normal;font-weight:500\">Competitive salary and bonuses<\/li>\n\n\n\n<li>Remote work with occasional in-person meetings<\/li>\n\n\n\n<li>Summer hours<\/li>\n\n\n\n<li>A paid holiday between Christmas and New Year&#8217;s<\/li>\n\n\n\n<li>Group benefits<\/li>\n\n\n\n<li>A group RRSP program with employer contributions<\/li>\n\n\n\n<li style=\"font-style:normal;font-weight:500\">Health and well-being programs<\/li>\n<\/ul>\n<\/div>\n<\/div>\n<\/div>\n\n\n\n<div class=\"wp-block-group alignwide wp-container-content-66de4600 is-layout-flow wp-block-group-is-layout-flow\" style=\"margin-bottom:4vw\">\n<div id=\"postuler\" class=\"wp-block-group is-layout-grid wp-container-core-group-is-layout-b4b928f3 wp-block-group-is-layout-grid\">\n<div class=\"wp-block-group postuler-image wp-container-content-f548ec48 has-global-padding is-content-justification-right is-layout-constrained wp-container-core-group-is-layout-6ebc4499 wp-block-group-is-layout-constrained\">\n<figure class=\"wp-block-image size-full wp-container-content-d8344436\"><img loading=\"lazy\" decoding=\"async\" width=\"400\" height=\"400\" src=\"https:\/\/www.accessa.ca\/wp-content\/uploads\/carriere.jpg\" alt=\"\" class=\"wp-image-1693\" style=\"aspect-ratio:1;object-fit:cover\" srcset=\"https:\/\/www.accessa.ca\/wp-content\/uploads\/carriere.jpg 400w, https:\/\/www.accessa.ca\/wp-content\/uploads\/carriere-300x300.jpg 300w\" sizes=\"auto, (max-width: 400px) 100vw, 400px\" \/><\/figure>\n<\/div>\n\n\n\n<div class=\"wp-block-group postuler-annonces wp-container-content-65454f2f is-layout-flow wp-container-core-group-is-layout-98157bca wp-block-group-is-layout-flow\" style=\"padding-left:40px\">\n<h2 class=\"wp-block-heading has-text-align-left is-style-default has-primary-color has-text-color has-link-color wp-elements-aca8d4dd63b447097e43356e0a3d09be wp-container-content-1ed81c1b\">How to Apply<\/h2>\n\n\n\n<p class=\"has-normal-font-size wp-block-paragraph\">Simply submit your resume for a spontaneous application by <a href=\"https:\/\/workforcenow.adp.com\/mascsr\/default\/mdf\/recruitment\/recruitment.html?cid=9f848381-c56e-410e-a553-00303916dadf&amp;ccId=19000101_000001&amp;lang=fr_CA\">clicking here<\/a> or apply for one of our job openings.<\/p>\n\n\n\n<h2 class=\"wp-block-heading has-text-align-left is-style-default has-primary-color has-text-color has-link-color wp-elements-1ba8b349ff9bee39ef6c069808e3f7cb wp-container-content-1ed81c1b\"> Available Positions<\/h2>\n\n\n\n<div class=\"wp-block-group has-vert-1-background-color has-background has-global-padding is-layout-constrained wp-container-core-group-is-layout-c2b473ed wp-block-group-is-layout-constrained\" style=\"padding-top:20px;padding-right:30px;padding-bottom:20px;padding-left:30px\">\n<p class=\"has-primary-color has-text-color has-link-color wp-elements-0bab9fe27d4a77798ec0e7a0656d9db1 wp-block-paragraph\" style=\"font-size:clamp(1rem, 1rem + ((1vw - 0.2rem) * 0.217), 1.13rem);font-style:normal;font-weight:500;text-transform:none\">No job openings available at this time. Stay tuned for upcoming opportunities.<\/p>\n<\/div>\n\n\n\n<div class=\"wp-block-group has-primary-background-color has-background is-nowrap is-layout-flex wp-container-core-group-is-layout-86ca40ff wp-block-group-is-layout-flex\" style=\"padding-top:23px;padding-right:38px;padding-bottom:23px;padding-left:38px\">\n<div class=\"wp-block-outermost-icon-block\"><a class=\"icon-container\" href=\"https:\/\/www.linkedin.com\/company\/accessa-psp\/\" target=\"_blank\" rel=\"noreferrer noopener\" style=\"width:48px;transform:rotate(0deg) scaleX(1) scaleY(1)\" aria-label=\"Linkedin\"><svg width=\"48\" height=\"48\" viewBox=\"0 0 48 48\" fill=\"none\" xmlns=\"http:\/\/www.w3.org\/2000\/svg\" aria-label=\"Linkedin\"><path d=\"M10.7464 48H0.792857V15.9536H10.7464V48ZM5.76429 11.5821C2.58214 11.5821 0 8.94643 0 5.76429C0 4.2355 0.607307 2.76933 1.68832 1.68832C2.76933 0.607307 4.2355 0 5.76429 0C7.29307 0 8.75924 0.607307 9.84025 1.68832C10.9213 2.76933 11.5286 4.2355 11.5286 5.76429C11.5286 8.94643 8.94643 11.5821 5.76429 11.5821ZM38.0571 48V32.4C38.0571 28.6821 37.9821 23.9143 32.8821 23.9143C27.7071 23.9143 26.9143 27.9536 26.9143 32.1321V48H16.9714V15.9536H26.5179V20.325H26.6571C27.9857 17.8071 31.2321 15.15 36.075 15.15C46.1464 15.15 48 21.7821 48 30.3964V48H38.0571Z\" fill=\"white\"><\/path><\/svg><\/a><\/div>\n\n\n\n<p class=\"has-white-color has-text-color has-link-color wp-elements-871e6585b9955f07ac84a1e31c48b254 wp-block-paragraph\" style=\"font-size:1rem;font-style:normal;font-weight:700;line-height:1.3;text-transform:uppercase\"><a href=\"https:\/\/www.linkedin.com\/company\/accessa-psp\/\" target=\"_blank\" rel=\"noreferrer noopener sponsored nofollow\">Follow us on LinkedIn to keep up to date with new positions!<\/a><\/p>\n<\/div>\n<\/div>\n<\/div>\n<\/div>\n<\/div>\n\n\n\n<p class=\"wp-block-paragraph\"><\/p>\n","protected":false},"excerpt":{"rendered":"<p>Redefine the Future of Care with Us Wholly owned by the Association qu\u00e9b\u00e9coise des pharmaciens propri\u00e9taires (AQPP), Accessa is an innovative company leading a new generation of patient support programs. Every day, we&#8217;re driven to redefine care and support for patients with complex health conditions, democratize access to specialty medications, and more. Are you ready [&hellip;]<\/p>\n","protected":false},"author":1,"featured_media":1189,"parent":0,"menu_order":0,"comment_status":"closed","ping_status":"closed","template":"","meta":{"_acf_changed":false,"_crdt_document":"","inline_featured_image":false,"_uag_custom_page_level_css":"","footnotes":""},"class_list":["post-1781","page","type-page","status-publish","has-post-thumbnail","hentry"],"acf":[],"yoast_head":"<!-- This site is optimized with the Yoast SEO plugin v27.3 - https:\/\/yoast.com\/product\/yoast-seo-wordpress\/ -->\n<title>Careers - accessa<\/title>\n<meta name=\"robots\" content=\"index, follow, max-snippet:-1, max-image-preview:large, max-video-preview:-1\" \/>\n<link rel=\"canonical\" href=\"https:\/\/www.accessa.ca\/en\/careers\/\" \/>\n<meta property=\"og:locale\" content=\"en_US\" \/>\n<meta property=\"og:type\" content=\"article\" \/>\n<meta property=\"og:title\" content=\"Careers - accessa\" \/>\n<meta property=\"og:description\" content=\"Redefine the Future of Care with Us Wholly owned by the Association qu\u00e9b\u00e9coise des pharmaciens propri\u00e9taires (AQPP), Accessa is an innovative company leading a new generation of patient support programs. Every day, we&#8217;re driven to redefine care and support for patients with complex health conditions, democratize access to specialty medications, and more. Are you ready [&hellip;]\" \/>\n<meta property=\"og:url\" content=\"https:\/\/www.accessa.ca\/en\/careers\/\" \/>\n<meta property=\"og:site_name\" content=\"accessa\" \/>\n<meta property=\"article:modified_time\" content=\"2025-05-15T21:17:43+00:00\" \/>\n<meta property=\"og:image\" content=\"https:\/\/www.accessa.ca\/wp-content\/uploads\/oct-2023_PHOTOS_FINALES_ACCESSA-5.webp\" \/>\n\t<meta property=\"og:image:width\" content=\"1200\" \/>\n\t<meta property=\"og:image:height\" content=\"800\" \/>\n\t<meta property=\"og:image:type\" content=\"image\/webp\" \/>\n<meta name=\"twitter:card\" content=\"summary_large_image\" \/>\n<meta name=\"twitter:label1\" content=\"Est. reading time\" \/>\n\t<meta name=\"twitter:data1\" content=\"2 minutes\" \/>\n<script type=\"application\/ld+json\" class=\"yoast-schema-graph\">{\"@context\":\"https:\\\/\\\/schema.org\",\"@graph\":[{\"@type\":\"WebPage\",\"@id\":\"https:\\\/\\\/www.accessa.ca\\\/en\\\/careers\\\/\",\"url\":\"https:\\\/\\\/www.accessa.ca\\\/en\\\/careers\\\/\",\"name\":\"Careers - accessa\",\"isPartOf\":{\"@id\":\"https:\\\/\\\/www.accessa.ca\\\/en\\\/#website\"},\"primaryImageOfPage\":{\"@id\":\"https:\\\/\\\/www.accessa.ca\\\/en\\\/careers\\\/#primaryimage\"},\"image\":{\"@id\":\"https:\\\/\\\/www.accessa.ca\\\/en\\\/careers\\\/#primaryimage\"},\"thumbnailUrl\":\"https:\\\/\\\/www.accessa.ca\\\/wp-content\\\/uploads\\\/oct-2023_PHOTOS_FINALES_ACCESSA-5.webp\",\"datePublished\":\"2024-09-23T19:36:51+00:00\",\"dateModified\":\"2025-05-15T21:17:43+00:00\",\"breadcrumb\":{\"@id\":\"https:\\\/\\\/www.accessa.ca\\\/en\\\/careers\\\/#breadcrumb\"},\"inLanguage\":\"en-US\",\"potentialAction\":[{\"@type\":\"ReadAction\",\"target\":[\"https:\\\/\\\/www.accessa.ca\\\/en\\\/careers\\\/\"]}]},{\"@type\":\"ImageObject\",\"inLanguage\":\"en-US\",\"@id\":\"https:\\\/\\\/www.accessa.ca\\\/en\\\/careers\\\/#primaryimage\",\"url\":\"https:\\\/\\\/www.accessa.ca\\\/wp-content\\\/uploads\\\/oct-2023_PHOTOS_FINALES_ACCESSA-5.webp\",\"contentUrl\":\"https:\\\/\\\/www.accessa.ca\\\/wp-content\\\/uploads\\\/oct-2023_PHOTOS_FINALES_ACCESSA-5.webp\",\"width\":1200,\"height\":800},{\"@type\":\"BreadcrumbList\",\"@id\":\"https:\\\/\\\/www.accessa.ca\\\/en\\\/careers\\\/#breadcrumb\",\"itemListElement\":[{\"@type\":\"ListItem\",\"position\":1,\"name\":\"Accueil\",\"item\":\"https:\\\/\\\/www.accessa.ca\\\/en\\\/\"},{\"@type\":\"ListItem\",\"position\":2,\"name\":\"Careers\"}]},{\"@type\":\"WebSite\",\"@id\":\"https:\\\/\\\/www.accessa.ca\\\/en\\\/#website\",\"url\":\"https:\\\/\\\/www.accessa.ca\\\/en\\\/\",\"name\":\"accessa\",\"description\":\"\",\"publisher\":{\"@id\":\"https:\\\/\\\/www.accessa.ca\\\/en\\\/#organization\"},\"potentialAction\":[{\"@type\":\"SearchAction\",\"target\":{\"@type\":\"EntryPoint\",\"urlTemplate\":\"https:\\\/\\\/www.accessa.ca\\\/en\\\/?s={search_term_string}\"},\"query-input\":{\"@type\":\"PropertyValueSpecification\",\"valueRequired\":true,\"valueName\":\"search_term_string\"}}],\"inLanguage\":\"en-US\"},{\"@type\":\"Organization\",\"@id\":\"https:\\\/\\\/www.accessa.ca\\\/en\\\/#organization\",\"name\":\"accessa\",\"url\":\"https:\\\/\\\/www.accessa.ca\\\/en\\\/\",\"logo\":{\"@type\":\"ImageObject\",\"inLanguage\":\"en-US\",\"@id\":\"https:\\\/\\\/www.accessa.ca\\\/en\\\/#\\\/schema\\\/logo\\\/image\\\/\",\"url\":\"https:\\\/\\\/www.accessa.ca\\\/wp-content\\\/uploads\\\/accessa.svg\",\"contentUrl\":\"https:\\\/\\\/www.accessa.ca\\\/wp-content\\\/uploads\\\/accessa.svg\",\"width\":120,\"height\":20,\"caption\":\"accessa\"},\"image\":{\"@id\":\"https:\\\/\\\/www.accessa.ca\\\/en\\\/#\\\/schema\\\/logo\\\/image\\\/\"},\"sameAs\":[\"https:\\\/\\\/www.linkedin.com\\\/company\\\/accessa-psp\\\/\"]}]}<\/script>\n<!-- \/ Yoast SEO plugin. -->","yoast_head_json":{"title":"Careers - accessa","robots":{"index":"index","follow":"follow","max-snippet":"max-snippet:-1","max-image-preview":"max-image-preview:large","max-video-preview":"max-video-preview:-1"},"canonical":"https:\/\/www.accessa.ca\/en\/careers\/","og_locale":"en_US","og_type":"article","og_title":"Careers - accessa","og_description":"Redefine the Future of Care with Us Wholly owned by the Association qu\u00e9b\u00e9coise des pharmaciens propri\u00e9taires (AQPP), Accessa is an innovative company leading a new generation of patient support programs. Every day, we&#8217;re driven to redefine care and support for patients with complex health conditions, democratize access to specialty medications, and more. Are you ready [&hellip;]","og_url":"https:\/\/www.accessa.ca\/en\/careers\/","og_site_name":"accessa","article_modified_time":"2025-05-15T21:17:43+00:00","og_image":[{"width":1200,"height":800,"url":"https:\/\/www.accessa.ca\/wp-content\/uploads\/oct-2023_PHOTOS_FINALES_ACCESSA-5.webp","type":"image\/webp"}],"twitter_card":"summary_large_image","twitter_misc":{"Est. reading time":"2 minutes"},"schema":{"@context":"https:\/\/schema.org","@graph":[{"@type":"WebPage","@id":"https:\/\/www.accessa.ca\/en\/careers\/","url":"https:\/\/www.accessa.ca\/en\/careers\/","name":"Careers - accessa","isPartOf":{"@id":"https:\/\/www.accessa.ca\/en\/#website"},"primaryImageOfPage":{"@id":"https:\/\/www.accessa.ca\/en\/careers\/#primaryimage"},"image":{"@id":"https:\/\/www.accessa.ca\/en\/careers\/#primaryimage"},"thumbnailUrl":"https:\/\/www.accessa.ca\/wp-content\/uploads\/oct-2023_PHOTOS_FINALES_ACCESSA-5.webp","datePublished":"2024-09-23T19:36:51+00:00","dateModified":"2025-05-15T21:17:43+00:00","breadcrumb":{"@id":"https:\/\/www.accessa.ca\/en\/careers\/#breadcrumb"},"inLanguage":"en-US","potentialAction":[{"@type":"ReadAction","target":["https:\/\/www.accessa.ca\/en\/careers\/"]}]},{"@type":"ImageObject","inLanguage":"en-US","@id":"https:\/\/www.accessa.ca\/en\/careers\/#primaryimage","url":"https:\/\/www.accessa.ca\/wp-content\/uploads\/oct-2023_PHOTOS_FINALES_ACCESSA-5.webp","contentUrl":"https:\/\/www.accessa.ca\/wp-content\/uploads\/oct-2023_PHOTOS_FINALES_ACCESSA-5.webp","width":1200,"height":800},{"@type":"BreadcrumbList","@id":"https:\/\/www.accessa.ca\/en\/careers\/#breadcrumb","itemListElement":[{"@type":"ListItem","position":1,"name":"Accueil","item":"https:\/\/www.accessa.ca\/en\/"},{"@type":"ListItem","position":2,"name":"Careers"}]},{"@type":"WebSite","@id":"https:\/\/www.accessa.ca\/en\/#website","url":"https:\/\/www.accessa.ca\/en\/","name":"accessa","description":"","publisher":{"@id":"https:\/\/www.accessa.ca\/en\/#organization"},"potentialAction":[{"@type":"SearchAction","target":{"@type":"EntryPoint","urlTemplate":"https:\/\/www.accessa.ca\/en\/?s={search_term_string}"},"query-input":{"@type":"PropertyValueSpecification","valueRequired":true,"valueName":"search_term_string"}}],"inLanguage":"en-US"},{"@type":"Organization","@id":"https:\/\/www.accessa.ca\/en\/#organization","name":"accessa","url":"https:\/\/www.accessa.ca\/en\/","logo":{"@type":"ImageObject","inLanguage":"en-US","@id":"https:\/\/www.accessa.ca\/en\/#\/schema\/logo\/image\/","url":"https:\/\/www.accessa.ca\/wp-content\/uploads\/accessa.svg","contentUrl":"https:\/\/www.accessa.ca\/wp-content\/uploads\/accessa.svg","width":120,"height":20,"caption":"accessa"},"image":{"@id":"https:\/\/www.accessa.ca\/en\/#\/schema\/logo\/image\/"},"sameAs":["https:\/\/www.linkedin.com\/company\/accessa-psp\/"]}]}},"uagb_featured_image_src":{"full":["https:\/\/www.accessa.ca\/wp-content\/uploads\/oct-2023_PHOTOS_FINALES_ACCESSA-5.webp",1200,800,false],"thumbnail":["https:\/\/www.accessa.ca\/wp-content\/uploads\/oct-2023_PHOTOS_FINALES_ACCESSA-5.webp",128,85,false],"medium":["https:\/\/www.accessa.ca\/wp-content\/uploads\/oct-2023_PHOTOS_FINALES_ACCESSA-5.webp",1200,800,false],"medium_large":["https:\/\/www.accessa.ca\/wp-content\/uploads\/oct-2023_PHOTOS_FINALES_ACCESSA-5-768x512.webp",768,512,true],"large":["https:\/\/www.accessa.ca\/wp-content\/uploads\/oct-2023_PHOTOS_FINALES_ACCESSA-5.webp",1200,800,false],"1536x1536":["https:\/\/www.accessa.ca\/wp-content\/uploads\/oct-2023_PHOTOS_FINALES_ACCESSA-5.webp",1200,800,false],"2048x2048":["https:\/\/www.accessa.ca\/wp-content\/uploads\/oct-2023_PHOTOS_FINALES_ACCESSA-5.webp",1200,800,false],"gform-image-choice-sm":["https:\/\/www.accessa.ca\/wp-content\/uploads\/oct-2023_PHOTOS_FINALES_ACCESSA-5.webp",300,200,false],"gform-image-choice-md":["https:\/\/www.accessa.ca\/wp-content\/uploads\/oct-2023_PHOTOS_FINALES_ACCESSA-5.webp",400,267,false],"gform-image-choice-lg":["https:\/\/www.accessa.ca\/wp-content\/uploads\/oct-2023_PHOTOS_FINALES_ACCESSA-5.webp",600,400,false]},"uagb_author_info":{"display_name":"lfdb","author_link":"https:\/\/www.accessa.ca\/en\/author\/lfdb\/"},"uagb_comment_info":0,"uagb_excerpt":"Redefine the Future of Care with Us Wholly owned by the Association qu\u00e9b\u00e9coise des pharmaciens propri\u00e9taires (AQPP), Accessa is an innovative company leading a new generation of patient support programs. Every day, we&#8217;re driven to redefine care and support for patients with complex health conditions, democratize access to specialty medications, and more. Are you ready&hellip;","_links":{"self":[{"href":"https:\/\/www.accessa.ca\/en\/wp-json\/wp\/v2\/pages\/1781","targetHints":{"allow":["GET"]}}],"collection":[{"href":"https:\/\/www.accessa.ca\/en\/wp-json\/wp\/v2\/pages"}],"about":[{"href":"https:\/\/www.accessa.ca\/en\/wp-json\/wp\/v2\/types\/page"}],"author":[{"embeddable":true,"href":"https:\/\/www.accessa.ca\/en\/wp-json\/wp\/v2\/users\/1"}],"replies":[{"embeddable":true,"href":"https:\/\/www.accessa.ca\/en\/wp-json\/wp\/v2\/comments?post=1781"}],"version-history":[{"count":14,"href":"https:\/\/www.accessa.ca\/en\/wp-json\/wp\/v2\/pages\/1781\/revisions"}],"predecessor-version":[{"id":2290,"href":"https:\/\/www.accessa.ca\/en\/wp-json\/wp\/v2\/pages\/1781\/revisions\/2290"}],"wp:featuredmedia":[{"embeddable":true,"href":"https:\/\/www.accessa.ca\/en\/wp-json\/wp\/v2\/media\/1189"}],"wp:attachment":[{"href":"https:\/\/www.accessa.ca\/en\/wp-json\/wp\/v2\/media?parent=1781"}],"curies":[{"name":"wp","href":"https:\/\/api.w.org\/{rel}","templated":true}]}}